{"id":4868,"date":"2025-10-04T14:36:09","date_gmt":"2025-10-04T14:36:09","guid":{"rendered":"http:\/\/www.ruras.ufscar.br\/?page_id=4868"},"modified":"2025-10-04T14:36:09","modified_gmt":"2025-10-04T14:36:09","slug":"plano-de-gestao-de-dados-forte","status":"publish","type":"page","link":"https:\/\/www.ruras.ufscar.br\/?page_id=4868","title":{"rendered":"Plano de Gest\u00e3o de Dados &#8211; FORTE"},"content":{"rendered":"\n<p>O projeto \u201cForest citizenship for disaster resilience: learning from COVID-19\u201d faz parte da chamada Recovery, Renewal and Resilience in a Post-Pandemic World (RRR), da Trans-Atlantic Platform, Social Sciences and Humanities, e contou com financiamentos da Funda\u00e7\u00e3o de Amparo \u00e0 Pesquisa no Estado de S\u00e3o Paulo (FAPESP, Brasil), do Economic and Social Research Council (ESRC, Reino Unido) e da National Science Foundation (NSF, Estados Unidos).&nbsp;<\/p>\n\n\n\n<p>Dividido em tr\u00eas pacotes de trabalho, o projeto articulou metodologias quantitativas e qualitativas e formou um banco de dados robusto sobre a tem\u00e1tica da pandemia da Covid-19 na Amaz\u00f4nia Legal brasileira. Foram realizadas entrevistas semiestruturadas e em profundidade com diferentes sujeitos dos universos emp\u00edricos analisados, valorizando a experi\u00eancia e a mem\u00f3ria como meio de produzir compreensibilidade sobre o tema proposto no Amazonas e no Par\u00e1. Foram entrevistadas lideran\u00e7as pol\u00edticas, fam\u00edlias que integram o territ\u00f3rio, profissionais da sa\u00fade e da educa\u00e7\u00e3o, gestores p\u00fablicos, organiza\u00e7\u00f5es ambientalistas, movimentos sociais do campo, seringueiros, castanheiros e pescadores. Estes dados foram submetidos a diferentes estrat\u00e9gias de sistematiza\u00e7\u00e3o, tamb\u00e9m gerando quadros, tabelas e planilhas.<\/p>\n\n\n\n<p>Todos os dados produzidos no projeto via trabalho de campo, levantamento de dados secund\u00e1rios e pesquisa documental est\u00e3o dispon\u00edveis, em formato f\u00edsico e digital, na sede do Grupo de Pesquisa Ruralidades, Ambiente e Sociedade \u2013 RURAS, no Departamento de Sociologia da Universidade Federal de S\u00e3o Carlos (Rodovia Washington Luis, km.235, S\u00e3o Carlos-SP). O acesso a estes dados \u00e9 p\u00fablico, com consulta agendada por e-mail.<\/p>\n\n\n\n<p>Os dados digitais est\u00e3o armazenados em pasta protegida por criptografia e senha em computadores de responsabilidade do Grupo de Pesquisa RURAS, sendo que uma c\u00f3pia da pasta e de todos os documentos est\u00e1 salva na nuvem gerida pela Secretaria de Inform\u00e1tica da UFSCar.<\/p>\n\n\n\n<p>Para fins de garantia da privacidade dos informantes da pesquisa, a realiza\u00e7\u00e3o de consulta aos \u00e1udios e transcri\u00e7\u00f5es de entrevistas ser\u00e1 precedida do preenchimento de termo de confidencialidade elaborado pelo RURAS.<\/p>\n\n\n\n<p>Por fim, tamb\u00e9m ser\u00e1 exigido nos atos de consulta o preenchimento de um termo de compromisso que estabelece a obrigatoriedade de refer\u00eancia ao t\u00edtulo do projeto, bem como de suas ag\u00eancias de fomento (FAPESP, ESRC e NSF) no caso de qualquer forma de uso dos dados e informa\u00e7\u00f5es obtidas desta base de dados.<\/p>\n\n\n\n<p>Para agendamento de consulta e demais informa\u00e7\u00f5es, o contato deve ser realizado pelo e-mail rmartins@ufscar.br<\/p>\n","protected":false},"excerpt":{"rendered":"<p>O projeto \u201cForest citizenship for disaster resilience: learning from COVID-19\u201d faz parte da chamada Recovery, Renewal and Resilience in a Post-Pandemic World (RRR), da Trans-Atlantic Platform, Social Sciences and Humanities, e contou com financiamentos da Funda\u00e7\u00e3o de Amparo \u00e0 Pesquisa&#8230;<\/p>\n","protected":false},"author":6,"featured_media":0,"parent":0,"menu_order":0,"comment_status":"closed","ping_status":"closed","template":"","meta":[],"_links":{"self":[{"href":"https:\/\/www.ruras.ufscar.br\/index.php?rest_route=\/wp\/v2\/pages\/4868"}],"collection":[{"href":"https:\/\/www.ruras.ufscar.br\/index.php?rest_route=\/wp\/v2\/pages"}],"about":[{"href":"https:\/\/www.ruras.ufscar.br\/index.php?rest_route=\/wp\/v2\/types\/page"}],"author":[{"embeddable":true,"href":"https:\/\/www.ruras.ufscar.br\/index.php?rest_route=\/wp\/v2\/users\/6"}],"replies":[{"embeddable":true,"href":"https:\/\/www.ruras.ufscar.br\/index.php?rest_route=%2Fwp%2Fv2%2Fcomments&post=4868"}],"version-history":[{"count":1,"href":"https:\/\/www.ruras.ufscar.br\/index.php?rest_route=\/wp\/v2\/pages\/4868\/revisions"}],"predecessor-version":[{"id":4869,"href":"https:\/\/www.ruras.ufscar.br\/index.php?rest_route=\/wp\/v2\/pages\/4868\/revisions\/4869"}],"wp:attachment":[{"href":"https:\/\/www.ruras.ufscar.br\/index.php?rest_route=%2Fwp%2Fv2%2Fmedia&parent=4868"}],"curies":[{"name":"wp","href":"https:\/\/api.w.org\/{rel}","templated":true}]}}