{"id":4752,"date":"2023-05-24T19:10:58","date_gmt":"2023-05-24T19:10:58","guid":{"rendered":"http:\/\/www.ruras.ufscar.br\/?page_id=4752"},"modified":"2023-05-26T15:35:41","modified_gmt":"2023-05-26T15:35:41","slug":"plano-de-gestao-de-dados","status":"publish","type":"page","link":"https:\/\/www.ruras.ufscar.br\/?page_id=4752","title":{"rendered":"Plano de gest\u00e3o de dados"},"content":{"rendered":"<p style=\"text-align: justify;\">O projeto \u201cNas franjas do progresso. Efeitos socioambientais da produ\u00e7\u00e3o canavieira nos estados de Alagoas e S\u00e3o Paulo\u201d articulou metodologias qualitativas, para coleta de dados prim\u00e1rios, com a an\u00e1lise de dados secund\u00e1rios de diferentes ag\u00eancias de informa\u00e7\u00e3o e institui\u00e7\u00f5es de gest\u00e3o. Foram realizadas entrevistas de roteiro semiestruturado com diferentes sujeitos dos cen\u00e1rios analisados, buscando a valoriza\u00e7\u00e3o da experi\u00eancia como meio de produzir inteligibilidade sobre o tema proposto. Dentre outros, foram entrevistados trabalhadores rurais, sindicatos de trabalhadores rurais e sindicatos patronais, fam\u00edlias integrantes de assentamentos de reforma agr\u00e1ria, movimentos sociais do campo, movimentos sociais ambientalistas, gestores p\u00fablicos, gerentes de usinas de a\u00e7\u00facar e \u00e1lcool e entidades representativas da agroind\u00fastria sucroalcooleira.<\/p>\n<p style=\"text-align: justify;\">\nOs dados prim\u00e1rios do projeto s\u00e3o provenientes de trabalhos de campo, a partir dos quais foram geradas transcri\u00e7\u00f5es, quadros, tabelas e planilhas. Os dados secund\u00e1rios s\u00e3o provenientes de institui\u00e7\u00f5es e reposit\u00f3rios p\u00fablicos, tais como Instituto Brasileiro de Geografia e Estat\u00edstica (IBGE), Instituto de Pesquisa Econ\u00f4mica Aplicada (IPEA), Departamento Intersindical de Estat\u00edstica e Estudos Socioecon\u00f4micos (DIEESE), Minist\u00e9rio P\u00fablico do Trabalho, Secretaria Estadual de Agricultura e Abastecimento do Estado de S\u00e3o Paulo, Instituto de Economia Agr\u00edcola (IEA), Secretarias de Sa\u00fade, Sistemas de Gerenciamento de Recursos H\u00eddricos, Ag\u00eancia Nacional de \u00c1guas (ANA),Secretarias de Meio Ambiente e Comit\u00eas de Bacias Hidrogr\u00e1ficas, dentre outros. Estes dados foram submetidos a diferentes estrat\u00e9gias de sistematiza\u00e7\u00e3o, tamb\u00e9m gerando quadros, tabelas e planilhas.<\/p>\n<p style=\"text-align: justify;\">Todos os dados produzidos no projeto via trabalho de campo, levantamento de dados secund\u00e1rios e pesquisa documental est\u00e3o dispon\u00edveis, em formato f\u00edsico e digital, na sede do Grupo de Pesquisa Ruralidades, Ambiente e Sociedade \u2013 RURAS, no Departamento de Sociologia da Universidade Federal de S\u00e3o Carlos (Rodovia Washington Luis, km.235, S\u00e3o Carlos-SP). O acesso a estes dados \u00e9 p\u00fablico, com consulta agendada por e-mail.<\/p>\n<p style=\"text-align: justify;\">\nOs dados digitais est\u00e3o armazenados em pasta protegida por criptografia e senha em computadores de responsabilidade do Grupo de Pesquisa RURAS, sendo que uma c\u00f3pia da pasta e de todos os documentos est\u00e1 salva na nuvem gerida pela Secretaria de Inform\u00e1tica da UFSCar.<\/p>\n<p style=\"text-align: justify;\">\nPara fins de garantia da privacidade dos informantes da pesquisa, a realiza\u00e7\u00e3o de consulta aos \u00e1udios e transcri\u00e7\u00f5es de entrevistas ser\u00e1 precedida do preenchimento de termo de confidencialidade elaborado pelo RURAS.<\/p>\n<p style=\"text-align: justify;\">\nPor fim, tamb\u00e9m ser\u00e1 exigido nos atos de consulta o preenchimento de um termo de compromisso que estabelece a obrigatoriedade de refer\u00eancia ao t\u00edtulo do projeto, bem como de suas ag\u00eancias de fomento (FAPESP e FAPEAL) no caso de qualquer forma de uso dos dados e informa\u00e7\u00f5es obtidas desta base de dados.<\/p>\n<p>Para agendamento de consulta e demais informa\u00e7\u00f5es, o contato deve ser realizado pelo e-mail <a href=\"mailto:rmartins@ufscar.br\">rmartins@ufscar.br<\/a><\/p>\n<p><!-- \/wp:paragraph --><\/p>\n","protected":false},"excerpt":{"rendered":"<p>O projeto \u201cNas franjas do progresso. Efeitos socioambientais da produ\u00e7\u00e3o canavieira nos estados de Alagoas e S\u00e3o Paulo\u201d articulou metodologias qualitativas, para coleta de dados prim\u00e1rios, com a an\u00e1lise de dados secund\u00e1rios de diferentes ag\u00eancias de informa\u00e7\u00e3o e institui\u00e7\u00f5es de&#8230;<\/p>\n","protected":false},"author":3,"featured_media":0,"parent":0,"menu_order":0,"comment_status":"closed","ping_status":"closed","template":"","meta":[],"_links":{"self":[{"href":"https:\/\/www.ruras.ufscar.br\/index.php?rest_route=\/wp\/v2\/pages\/4752"}],"collection":[{"href":"https:\/\/www.ruras.ufscar.br\/index.php?rest_route=\/wp\/v2\/pages"}],"about":[{"href":"https:\/\/www.ruras.ufscar.br\/index.php?rest_route=\/wp\/v2\/types\/page"}],"author":[{"embeddable":true,"href":"https:\/\/www.ruras.ufscar.br\/index.php?rest_route=\/wp\/v2\/users\/3"}],"replies":[{"embeddable":true,"href":"https:\/\/www.ruras.ufscar.br\/index.php?rest_route=%2Fwp%2Fv2%2Fcomments&post=4752"}],"version-history":[{"count":5,"href":"https:\/\/www.ruras.ufscar.br\/index.php?rest_route=\/wp\/v2\/pages\/4752\/revisions"}],"predecessor-version":[{"id":4795,"href":"https:\/\/www.ruras.ufscar.br\/index.php?rest_route=\/wp\/v2\/pages\/4752\/revisions\/4795"}],"wp:attachment":[{"href":"https:\/\/www.ruras.ufscar.br\/index.php?rest_route=%2Fwp%2Fv2%2Fmedia&parent=4752"}],"curies":[{"name":"wp","href":"https:\/\/api.w.org\/{rel}","templated":true}]}}