{"id":2681,"date":"2019-04-16T19:58:25","date_gmt":"2019-04-16T19:58:25","guid":{"rendered":"http:\/\/www.ruras.ufscar.br\/?page_id=2681"},"modified":"2019-12-31T17:36:26","modified_gmt":"2019-12-31T17:36:26","slug":"manuela-martins-da-costa-aquino","status":"publish","type":"page","link":"https:\/\/www.ruras.ufscar.br\/?page_id=2681","title":{"rendered":"Manuela Martins da Costa Aquino"},"content":{"rendered":"<p style=\"text-align: justify;\">Doutoranda em Sociologia pela Universidade Federal de S\u00e3o Carlos. Mestra em Ci\u00eancias Sociais pela Universidade Estadual Paulista e bolsista CAPES. Possui gradua\u00e7\u00e3o em Ci\u00eancias Sociais, pela Universidade Federal de S\u00e3o Carlos (2010). Especialista em Trabalho, Educa\u00e7\u00e3o e Movimentos Sociais, pela Funda\u00e7\u00e3o Oswaldo Cruz (2013). Tem experi\u00eancia na \u00e1rea de Sociologia e Sociologia Rural, atuando principalmente nos seguintes temas: Minera\u00e7\u00e3o, Quest\u00e3o Agr\u00e1ria, Reforma Agr\u00e1ria, Mundo do Trabalho, Movimentos Sociais.Tem experi\u00eancia nas \u00e1reas de Educa\u00e7\u00e3o do Campo. Atualmente pesquisa Ind\u00fastrias Extrativas da Minera\u00e7\u00e3o.<\/p>\n<p style=\"text-align: justify;\">\n<p><a href=\" http:\/\/lattes.cnpq.br\/6025831998105290\">Lattes<\/a><\/p>\n<p>E-mail:\u00a0manuelamca@gmail.com<\/p>\n<p>&nbsp;<\/p>\n","protected":false},"excerpt":{"rendered":"<p>Doutoranda em Sociologia pela Universidade Federal de S\u00e3o Carlos. Mestra em Ci\u00eancias Sociais pela Universidade Estadual Paulista e bolsista CAPES. Possui gradua\u00e7\u00e3o em Ci\u00eancias Sociais, pela Universidade Federal de S\u00e3o Carlos (2010). Especialista em Trabalho, Educa\u00e7\u00e3o e Movimentos Sociais, pela&#8230;<\/p>\n","protected":false},"author":3,"featured_media":0,"parent":0,"menu_order":0,"comment_status":"open","ping_status":"open","template":"","meta":[],"_links":{"self":[{"href":"https:\/\/www.ruras.ufscar.br\/index.php?rest_route=\/wp\/v2\/pages\/2681"}],"collection":[{"href":"https:\/\/www.ruras.ufscar.br\/index.php?rest_route=\/wp\/v2\/pages"}],"about":[{"href":"https:\/\/www.ruras.ufscar.br\/index.php?rest_route=\/wp\/v2\/types\/page"}],"author":[{"embeddable":true,"href":"https:\/\/www.ruras.ufscar.br\/index.php?rest_route=\/wp\/v2\/users\/3"}],"replies":[{"embeddable":true,"href":"https:\/\/www.ruras.ufscar.br\/index.php?rest_route=%2Fwp%2Fv2%2Fcomments&post=2681"}],"version-history":[{"count":4,"href":"https:\/\/www.ruras.ufscar.br\/index.php?rest_route=\/wp\/v2\/pages\/2681\/revisions"}],"predecessor-version":[{"id":2686,"href":"https:\/\/www.ruras.ufscar.br\/index.php?rest_route=\/wp\/v2\/pages\/2681\/revisions\/2686"}],"wp:attachment":[{"href":"https:\/\/www.ruras.ufscar.br\/index.php?rest_route=%2Fwp%2Fv2%2Fmedia&parent=2681"}],"curies":[{"name":"wp","href":"https:\/\/api.w.org\/{rel}","templated":true}]}}