{"id":2473,"date":"2018-03-28T13:58:09","date_gmt":"2018-03-28T13:58:09","guid":{"rendered":"http:\/\/www.ruras.ufscar.br\/?page_id=2473"},"modified":"2022-02-14T17:45:02","modified_gmt":"2022-02-14T17:45:02","slug":"contato","status":"publish","type":"page","link":"https:\/\/www.ruras.ufscar.br\/?page_id=2473","title":{"rendered":"Contato"},"content":{"rendered":"<p>Endere\u00e7o: Rodovia Washington Lu\u00eds, km 235 &#8211; SP-310 &#8211; S\u00e3o Carlos<\/p>\n<p>Departamento de Sociologia<\/p>\n<p>Telefone: (16) 3351-8916<\/p>\n<p>Email: ruras@ufscar.br<\/p>\n","protected":false},"excerpt":{"rendered":"<p>Endere\u00e7o: Rodovia Washington Lu\u00eds, km 235 &#8211; SP-310 &#8211; S\u00e3o Carlos Departamento de Sociologia Telefone: (16) 3351-8916 Email: ruras@ufscar.br<\/p>\n","protected":false},"author":3,"featured_media":0,"parent":0,"menu_order":0,"comment_status":"closed","ping_status":"open","template":"","meta":[],"_links":{"self":[{"href":"https:\/\/www.ruras.ufscar.br\/index.php?rest_route=\/wp\/v2\/pages\/2473"}],"collection":[{"href":"https:\/\/www.ruras.ufscar.br\/index.php?rest_route=\/wp\/v2\/pages"}],"about":[{"href":"https:\/\/www.ruras.ufscar.br\/index.php?rest_route=\/wp\/v2\/types\/page"}],"author":[{"embeddable":true,"href":"https:\/\/www.ruras.ufscar.br\/index.php?rest_route=\/wp\/v2\/users\/3"}],"replies":[{"embeddable":true,"href":"https:\/\/www.ruras.ufscar.br\/index.php?rest_route=%2Fwp%2Fv2%2Fcomments&post=2473"}],"version-history":[{"count":4,"href":"https:\/\/www.ruras.ufscar.br\/index.php?rest_route=\/wp\/v2\/pages\/2473\/revisions"}],"predecessor-version":[{"id":4639,"href":"https:\/\/www.ruras.ufscar.br\/index.php?rest_route=\/wp\/v2\/pages\/2473\/revisions\/4639"}],"wp:attachment":[{"href":"https:\/\/www.ruras.ufscar.br\/index.php?rest_route=%2Fwp%2Fv2%2Fmedia&parent=2473"}],"curies":[{"name":"wp","href":"https:\/\/api.w.org\/{rel}","templated":true}]}}