{"id":16,"date":"2014-03-07T14:13:53","date_gmt":"2014-03-07T14:13:53","guid":{"rendered":"http:\/\/web-01.ufscar.br\/ruras\/?page_id=16"},"modified":"2019-12-31T17:37:52","modified_gmt":"2019-12-31T17:37:52","slug":"links","status":"publish","type":"page","link":"https:\/\/www.ruras.ufscar.br\/?page_id=16","title":{"rendered":"Links"},"content":{"rendered":"<p><span style=\"color: #000000;\"><a href=\"http:\/\/www2.ufscar.br\/home\/index.php\" target=\"_blank\"><span style=\"color: #000000;\">UFSCar<\/span><\/a><\/span><\/p>\n<p><span style=\"color: #000000;\"><a href=\"http:\/\/www.ds.ufscar.br\/\" target=\"_blank\"><span style=\"color: #000000;\">Departamento de Sociologia &#8211; UFSCar<\/span><\/a><\/span><\/p>\n<p><span style=\"color: #000000;\"><a href=\"http:\/\/www.ppgs.ufscar.br\/\" target=\"_blank\"><span style=\"color: #000000;\">P\u00f3s-Gradua\u00e7\u00e3o em Sociologia &#8211; UFSCar<\/span><\/a><\/span><\/p>\n<p><span style=\"color: #000000;\"><a href=\"http:\/\/www.capes.gov.br\/\" target=\"_blank\"><span style=\"color: #000000;\">CAPES<\/span><\/a><\/span><\/p>\n<p><span style=\"color: #000000;\"><a href=\"http:\/\/www.cnpq.br\/\" target=\"_blank\"><span style=\"color: #000000;\">CNPq<\/span><\/a><\/span><\/p>\n<p><span style=\"color: #000000;\"><a href=\"http:\/\/www.fapesp.br\/\" target=\"_blank\"><span style=\"color: #000000;\">FAPESP<\/span><\/a><\/span><\/p>\n<p><span style=\"color: #000000;\"><a href=\"http:\/\/www.nead.gov.br\/portal\/nead\/\" target=\"_blank\"><span style=\"color: #000000;\">NEAD &#8211; N\u00facleo de Estudos Agr\u00e1rios e Desenvolvimento Rural<\/span><\/a><\/span><\/p>\n<p><span style=\"color: #000000;\"><a href=\"http:\/\/www.mda.gov.br\/portal\/\" target=\"_blank\"><span style=\"color: #000000;\">MDA -Minist\u00e9rio do Desenvolvimento Agr\u00e1rio<\/span><\/a><\/span><\/p>\n<p><span style=\"color: #000000;\"><a href=\"http:\/\/www.anpocs.org.br\/portal\/\" target=\"_blank\"><span style=\"color: #000000;\">ANPOCS &#8211; Associa\u00e7\u00e3o Nacional de P\u00f3s-Gradua\u00e7\u00e3o e Pesquisa em Ci\u00eancias Sociais<\/span><\/a><\/span><\/p>\n<p><span style=\"color: #000000;\"><a href=\"http:\/\/www.anppas.org.br\/novosite\/index.php\" target=\"_blank\"><span style=\"color: #000000;\">ANPPAS &#8211; Associa\u00e7\u00e3o Nacional de P\u00f3s-Gradua\u00e7\u00e3o e Pesquisa em Ambiente e Sociedade<\/span><\/a><\/span><\/p>\n<p><span style=\"color: #000000;\"><a href=\"http:\/\/www.sbsociologia.com.br\/portal\/index.php\" target=\"_blank\"><span style=\"color: #000000;\">SBS -Sociedade Brasileira de Sociologia<\/span><\/a><\/span><\/p>\n<p><span style=\"color: #000000;\"><a href=\"http:\/\/www.redesrurais.org.br\/\" target=\"_blank\"><span style=\"color: #000000;\">Rede de Estudos Rurais<\/span><\/a><\/span><\/p>\n<p><span style=\"color: #000000;\"><a href=\"http:\/\/www.sigrh.sp.gov.br\/\" target=\"_blank\"><span style=\"color: #000000;\">SIGRH- Sistema de Informa\u00e7\u00f5es para o Gerenciamento de Recursos H\u00eddricos de SP<\/span><\/a><\/span><\/p>\n<p><span style=\"color: #000000;\">\u00a0<\/span><\/p>\n<h1><span style=\"color: #000000;\"><a href=\"http:\/\/www.ufscar.br\/ruras\/links55.html#\"><span style=\"color: #000000;\">Revistas<\/span><\/a><\/span><\/h1>\n<p><span style=\"color: #000000;\">&#8212;&#8212;&#8212;&#8212;&#8212;&#8212;&#8212;&#8212;&#8212;&#8212;&#8212;&#8212;&#8212;&#8212;&#8212;&#8212;&#8212;&#8212;&#8212;&#8212;&#8212;&#8212;&#8212;&#8212;&#8212;&#8212;&#8212;&#8212;&#8212;&#8212;&#8212;&#8212;&#8212;&#8212;&#8212;&#8212;&#8212;&#8212;&#8212;&#8212;&#8212;&#8212;&#8212;-<\/span><\/p>\n<p><span style=\"color: #000000;\"><a href=\"http:\/\/www.scielo.br\/scielo.php?pid=0102-6909&amp;script=sci_serial\" target=\"_blank\"><span style=\"color: #000000;\">Revista Brasileira de Ci\u00eancias Sociais<\/span><\/a><\/span><\/p>\n<p><span style=\"color: #000000;\"><a href=\"http:\/\/r1.ufrrj.br\/esa\/index.php?cA=ba\" target=\"_blank\"><span style=\"color: #000000;\">Estudos Sociedade e Agricultura<\/span><\/a><\/span><\/p>\n<p><span style=\"color: #000000;\"><a href=\"http:\/\/www.scielo.br\/scielo.php?script=sci_serial&amp;pid=1517-4522&amp;lng=en&amp;nrm=iso\" target=\"_blank\"><span style=\"color: #000000;\">Sociologias<\/span><\/a><\/span><\/p>\n<p><span style=\"color: #000000;\"><a href=\"http:\/\/www.scielo.br\/scielo.php?script=sci_issues&amp;pid=0103-2003&amp;lng=pt&amp;nrm=iso\" target=\"_blank\"><span style=\"color: #000000;\">Revista de Economia e Sociologia Rural<\/span><\/a><\/span><\/p>\n<p><span style=\"color: #000000;\"><a href=\"http:\/\/submission.scielo.br\/index.php\/asoc\" target=\"_blank\"><span style=\"color: #000000;\">Ambiente e Sociedade<\/span><\/a><\/span><\/p>\n<p><span style=\"color: #000000;\"><a href=\"http:\/\/www.ufcg.edu.br\/~raizes\/volumes.php?Rg=0\" target=\"_blank\"><span style=\"color: #000000;\">Raizes: Revista de Ci\u00eancias Sociais e Econ\u00f4micas<\/span><\/a><\/span><\/p>\n<p><span style=\"color: #000000;\"><a href=\"http:\/\/www.periodicos.ufpa.br\/index.php\/ncn\/issue\/archive\" target=\"_blank\"><span style=\"color: #000000;\">Novos Cadernos NAEA<\/span><\/a><\/span><\/p>\n<p><span style=\"color: #000000;\"><a href=\"http:\/\/ojs.c3sl.ufpr.br\/ojs2\/index.php\/rsp\/issue\/archive\" target=\"_blank\"><span style=\"color: #000000;\">Revista de Sociologia e Pol\u00edtica<\/span><\/a><\/span><\/p>\n<p><span style=\"color: #000000;\"><a href=\"http:\/\/www.contemporanea.ufscar.br\/index.php\/contemporanea\" target=\"_blank\"><span style=\"color: #000000;\">Revista Contempor\u00e2nea &#8211; UFSCar<\/span><\/a><\/span><\/p>\n","protected":false},"excerpt":{"rendered":"<p>UFSCar Departamento de Sociologia &#8211; UFSCar P\u00f3s-Gradua\u00e7\u00e3o em Sociologia &#8211; UFSCar CAPES CNPq FAPESP NEAD &#8211; N\u00facleo de Estudos Agr\u00e1rios e Desenvolvimento Rural MDA -Minist\u00e9rio do Desenvolvimento Agr\u00e1rio ANPOCS &#8211; Associa\u00e7\u00e3o Nacional de P\u00f3s-Gradua\u00e7\u00e3o e Pesquisa em Ci\u00eancias Sociais ANPPAS&#8230;<\/p>\n","protected":false},"author":5,"featured_media":0,"parent":0,"menu_order":0,"comment_status":"open","ping_status":"closed","template":"","meta":[],"_links":{"self":[{"href":"https:\/\/www.ruras.ufscar.br\/index.php?rest_route=\/wp\/v2\/pages\/16"}],"collection":[{"href":"https:\/\/www.ruras.ufscar.br\/index.php?rest_route=\/wp\/v2\/pages"}],"about":[{"href":"https:\/\/www.ruras.ufscar.br\/index.php?rest_route=\/wp\/v2\/types\/page"}],"author":[{"embeddable":true,"href":"https:\/\/www.ruras.ufscar.br\/index.php?rest_route=\/wp\/v2\/users\/5"}],"replies":[{"embeddable":true,"href":"https:\/\/www.ruras.ufscar.br\/index.php?rest_route=%2Fwp%2Fv2%2Fcomments&post=16"}],"version-history":[{"count":7,"href":"https:\/\/www.ruras.ufscar.br\/index.php?rest_route=\/wp\/v2\/pages\/16\/revisions"}],"predecessor-version":[{"id":3154,"href":"https:\/\/www.ruras.ufscar.br\/index.php?rest_route=\/wp\/v2\/pages\/16\/revisions\/3154"}],"wp:attachment":[{"href":"https:\/\/www.ruras.ufscar.br\/index.php?rest_route=%2Fwp%2Fv2%2Fmedia&parent=16"}],"curies":[{"name":"wp","href":"https:\/\/api.w.org\/{rel}","templated":true}]}}